{"id":146,"date":"2025-01-30T14:22:10","date_gmt":"2025-01-30T13:22:10","guid":{"rendered":"https:\/\/artisticawood.com\/amenities\/"},"modified":"2025-04-14T21:15:15","modified_gmt":"2025-04-14T19:15:15","slug":"o-nama","status":"publish","type":"page","link":"https:\/\/artisticawood.com\/en\/o-nama\/","title":{"rendered":"About Us"},"content":{"rendered":"<div data-elementor-type=\"wp-page\" data-elementor-id=\"146\" class=\"elementor elementor-146\">\n\t\t\t\t<div class=\"elementor-element elementor-element-05b0b34 e-flex e-con-boxed e-con e-parent\" data-id=\"05b0b34\" data-element_type=\"container\" data-e-type=\"container\" data-settings=\"{&quot;background_background&quot;:&quot;classic&quot;}\">\n\t\t\t\t\t<div class=\"e-con-inner\">\n\t\t<div class=\"elementor-element elementor-element-ee8ebfd e-con-full e-flex e-con e-child\" data-id=\"ee8ebfd\" data-element_type=\"container\" data-e-type=\"container\">\n\t\t\t\t<div class=\"elementor-element elementor-element-dbeb786 elementor-widget elementor-widget-heading\" data-id=\"dbeb786\" data-element_type=\"widget\" data-e-type=\"widget\" data-widget_type=\"heading.default\">\n\t\t\t\t<div class=\"elementor-widget-container\">\n\t\t\t\t\t<h1 class=\"elementor-heading-title elementor-size-default\">Something about us<\/h1>\t\t\t\t<\/div>\n\t\t\t\t<\/div>\n\t\t\t\t<div class=\"elementor-element elementor-element-0c87f47 elementor-widget elementor-widget-text-editor\" data-id=\"0c87f47\" data-element_type=\"widget\" data-e-type=\"widget\" data-widget_type=\"text-editor.default\">\n\t\t\t\t<div class=\"elementor-widget-container\">\n\t\t\t\t\t\t\t\t\t<p>We don't just produce furniture,<\/p><p>We bring warmth to your home through the products we make<\/p>\t\t\t\t\t\t\t\t<\/div>\n\t\t\t\t<\/div>\n\t\t\t\t<\/div>\n\t\t\t\t\t<\/div>\n\t\t\t\t<\/div>\n\t\t<div class=\"elementor-element elementor-element-e204737 e-flex e-con-boxed e-con e-parent\" data-id=\"e204737\" data-element_type=\"container\" data-e-type=\"container\">\n\t\t\t\t\t<div class=\"e-con-inner\">\n\t\t<div class=\"elementor-element elementor-element-68d98f4 e-con-full e-flex e-con e-child\" data-id=\"68d98f4\" data-element_type=\"container\" data-e-type=\"container\">\n\t\t<div class=\"elementor-element elementor-element-7f48051 e-con-full e-flex e-con e-child\" data-id=\"7f48051\" data-element_type=\"container\" data-e-type=\"container\">\n\t\t\t\t<div class=\"elementor-element elementor-element-9db14b5 elementor-widget elementor-widget-heading\" data-id=\"9db14b5\" data-element_type=\"widget\" data-e-type=\"widget\" data-widget_type=\"heading.default\">\n\t\t\t\t<div class=\"elementor-widget-container\">\n\t\t\t\t\t<h2 class=\"elementor-heading-title elementor-size-default\">Artistica wood<\/h2>\t\t\t\t<\/div>\n\t\t\t\t<\/div>\n\t\t\t\t<div class=\"elementor-element elementor-element-4261d3a elementor-widget elementor-widget-text-editor\" data-id=\"4261d3a\" data-element_type=\"widget\" data-e-type=\"widget\" data-widget_type=\"text-editor.default\">\n\t\t\t\t<div class=\"elementor-widget-container\">\n\t\t\t\t\t\t\t\t\t<p>Our passion is creating unique furniture that combines the beauty of wood with the art of epoxy resin<\/p><p>Our specialty is making river and ocean tables, along with various other wooden items that bring a touch of nature to any space<\/p><p>We started with woodworking and a desire to innovate in materials like epoxy resin<\/p><p>We are dedicated to creating high-quality, custom furniture that not only makes your homes more beautiful, but also tells your story<\/p>\t\t\t\t\t\t\t\t<\/div>\n\t\t\t\t<\/div>\n\t\t\t\t<\/div>\n\t\t\t\t<\/div>\n\t\t<div class=\"elementor-element elementor-element-ecb45ec e-con-full e-flex e-con e-child\" data-id=\"ecb45ec\" data-element_type=\"container\" data-e-type=\"container\">\n\t\t\t\t<div class=\"elementor-element elementor-element-a5733b6 elementor-widget elementor-widget-image\" data-id=\"a5733b6\" data-element_type=\"widget\" data-e-type=\"widget\" data-widget_type=\"image.default\">\n\t\t\t\t<div class=\"elementor-widget-container\">\n\t\t\t\t\t\t\t\t\t\t\t\t\t\t\t<img fetchpriority=\"high\" decoding=\"async\" width=\"800\" height=\"533\" src=\"https:\/\/artisticawood.com\/wp-content\/uploads\/2025\/02\/5010.jpg\" class=\"attachment-large size-large wp-image-915\" alt=\"woodworking\" srcset=\"https:\/\/artisticawood.com\/wp-content\/uploads\/2025\/02\/5010.jpg 800w, https:\/\/artisticawood.com\/wp-content\/uploads\/2025\/02\/5010-300x200.webp 300w, https:\/\/artisticawood.com\/wp-content\/uploads\/2025\/02\/5010-768x512.webp 768w\" sizes=\"(max-width: 800px) 100vw, 800px\" \/>\t\t\t\t\t\t\t\t\t\t\t\t\t\t\t<\/div>\n\t\t\t\t<\/div>\n\t\t\t\t<\/div>\n\t\t\t\t\t<\/div>\n\t\t\t\t<\/div>\n\t\t\t\t<\/div>","protected":false},"excerpt":{"rendered":"<p>Ne\u0161to o nama Mi ne proizvodimo samo name\u0161taj, mi dajemo toplinu Va\u0161em domu kroz predmete koje izra\u0111ujemo Artistica wood Na\u0161a strast bi bila stvaranje jedinstvenog name\u0161taja koji spaja lepotu drveta sa umetno\u0161\u0107u epoksidne smole Na\u0161a specijalnost je izrada stolova &#8222;river table&#8220; i &#8222;ocean table&#8220;, zajedno sa raznim drugim predmetima od drveta, koji dodaju da\u0161ak prirode [&hellip;]<\/p>\n","protected":false},"author":1,"featured_media":0,"parent":0,"menu_order":0,"comment_status":"closed","ping_status":"closed","template":"","meta":{"site-sidebar-layout":"no-sidebar","site-content-layout":"page-builder","ast-site-content-layout":"full-width-container","site-content-style":"unboxed","site-sidebar-style":"unboxed","ast-global-header-display":"","ast-banner-title-visibility":"","ast-main-header-display":"","ast-hfb-above-header-display":"","ast-hfb-below-header-display":"","ast-hfb-mobile-header-display":"","site-post-title":"disabled","ast-breadcrumbs-content":"","ast-featured-img":"disabled","footer-sml-layout":"","ast-disable-related-posts":"","theme-transparent-header-meta":"enabled","adv-header-id-meta":"","stick-header-meta":"","header-above-stick-meta":"","header-main-stick-meta":"","header-below-stick-meta":"","astra-migrate-meta-layouts":"set","ast-page-background-enabled":"default","ast-page-background-meta":{"desktop":{"background-color":"","background-image":"","background-repeat":"repeat","background-position":"center center","background-size":"auto","background-attachment":"scroll","background-type":"","background-media":"","overlay-type":"","overlay-color":"","overlay-opacity":"","overlay-gradient":""},"tablet":{"background-color":"","background-image":"","background-repeat":"repeat","background-position":"center center","background-size":"auto","background-attachment":"scroll","background-type":"","background-media":"","overlay-type":"","overlay-color":"","overlay-opacity":"","overlay-gradient":""},"mobile":{"background-color":"","background-image":"","background-repeat":"repeat","background-position":"center center","background-size":"auto","background-attachment":"scroll","background-type":"","background-media":"","overlay-type":"","overlay-color":"","overlay-opacity":"","overlay-gradient":""}},"ast-content-background-meta":{"desktop":{"background-color":"var(--ast-global-color-5)","background-image":"","background-repeat":"repeat","background-position":"center center","background-size":"auto","background-attachment":"scroll","background-type":"","background-media":"","overlay-type":"","overlay-color":"","overlay-opacity":"","overlay-gradient":""},"tablet":{"background-color":"var(--ast-global-color-5)","background-image":"","background-repeat":"repeat","background-position":"center center","background-size":"auto","background-attachment":"scroll","background-type":"","background-media":"","overlay-type":"","overlay-color":"","overlay-opacity":"","overlay-gradient":""},"mobile":{"background-color":"var(--ast-global-color-5)","background-image":"","background-repeat":"repeat","background-position":"center center","background-size":"auto","background-attachment":"scroll","background-type":"","background-media":"","overlay-type":"","overlay-color":"","overlay-opacity":"","overlay-gradient":""}},"footnotes":""},"class_list":["post-146","page","type-page","status-publish","hentry"],"yoast_head":"<!-- This site is optimized with the Yoast SEO plugin v27.5 - https:\/\/yoast.com\/product\/yoast-seo-wordpress\/ -->\n<title>Epoxy stolovi - Artistica wood<\/title>\n<meta name=\"description\" content=\"Izrada name\u0161taja i stolova od drveta i epoksi smole. Ru\u010dno ra\u0111eni stolovi od epoksi smole i drveta &quot;river table&quot; i &quot;ocean table&quot;\" \/>\n<meta name=\"robots\" content=\"index, follow, max-snippet:-1, max-image-preview:large, max-video-preview:-1\" \/>\n<link rel=\"canonical\" href=\"https:\/\/artisticawood.com\/en\/o-nama\/\" \/>\n<meta property=\"og:locale\" content=\"en_US\" \/>\n<meta property=\"og:type\" content=\"article\" \/>\n<meta property=\"og:title\" content=\"Epoxy stolovi - Artistica wood\" \/>\n<meta property=\"og:description\" content=\"Izrada name\u0161taja i stolova od drveta i epoksi smole. Ru\u010dno ra\u0111eni stolovi od epoksi smole i drveta &quot;river table&quot; i &quot;ocean table&quot;\" \/>\n<meta property=\"og:url\" content=\"https:\/\/artisticawood.com\/en\/o-nama\/\" \/>\n<meta property=\"og:site_name\" content=\"Artistica wood\" \/>\n<meta property=\"article:modified_time\" content=\"2025-04-14T19:15:15+00:00\" \/>\n<meta property=\"og:image\" content=\"https:\/\/artisticawood.com\/wp-content\/uploads\/2025\/02\/5010.jpg\" \/>\n<meta name=\"twitter:card\" content=\"summary_large_image\" \/>\n<meta name=\"twitter:label1\" content=\"Est. reading time\" \/>\n\t<meta name=\"twitter:data1\" content=\"1 minute\" \/>\n<script type=\"application\/ld+json\" class=\"yoast-schema-graph\">{\"@context\":\"https:\\\/\\\/schema.org\",\"@graph\":[{\"@type\":\"WebPage\",\"@id\":\"https:\\\/\\\/artisticawood.com\\\/o-nama\\\/\",\"url\":\"https:\\\/\\\/artisticawood.com\\\/o-nama\\\/\",\"name\":\"Epoxy stolovi - Artistica wood\",\"isPartOf\":{\"@id\":\"https:\\\/\\\/artisticawood.com\\\/#website\"},\"primaryImageOfPage\":{\"@id\":\"https:\\\/\\\/artisticawood.com\\\/o-nama\\\/#primaryimage\"},\"image\":{\"@id\":\"https:\\\/\\\/artisticawood.com\\\/o-nama\\\/#primaryimage\"},\"thumbnailUrl\":\"https:\\\/\\\/artisticawood.com\\\/wp-content\\\/uploads\\\/2025\\\/02\\\/5010.jpg\",\"datePublished\":\"2025-01-30T13:22:10+00:00\",\"dateModified\":\"2025-04-14T19:15:15+00:00\",\"description\":\"Izrada name\u0161taja i stolova od drveta i epoksi smole. Ru\u010dno ra\u0111eni stolovi od epoksi smole i drveta \\\"river table\\\" i \\\"ocean table\\\"\",\"breadcrumb\":{\"@id\":\"https:\\\/\\\/artisticawood.com\\\/o-nama\\\/#breadcrumb\"},\"inLanguage\":\"en-US\",\"potentialAction\":[{\"@type\":\"ReadAction\",\"target\":[\"https:\\\/\\\/artisticawood.com\\\/o-nama\\\/\"]}]},{\"@type\":\"ImageObject\",\"inLanguage\":\"en-US\",\"@id\":\"https:\\\/\\\/artisticawood.com\\\/o-nama\\\/#primaryimage\",\"url\":\"https:\\\/\\\/artisticawood.com\\\/wp-content\\\/uploads\\\/2025\\\/02\\\/5010.jpg\",\"contentUrl\":\"https:\\\/\\\/artisticawood.com\\\/wp-content\\\/uploads\\\/2025\\\/02\\\/5010.jpg\"},{\"@type\":\"BreadcrumbList\",\"@id\":\"https:\\\/\\\/artisticawood.com\\\/o-nama\\\/#breadcrumb\",\"itemListElement\":[{\"@type\":\"ListItem\",\"position\":1,\"name\":\"Home\",\"item\":\"https:\\\/\\\/artisticawood.com\\\/\"},{\"@type\":\"ListItem\",\"position\":2,\"name\":\"O nama\"}]},{\"@type\":\"WebSite\",\"@id\":\"https:\\\/\\\/artisticawood.com\\\/#website\",\"url\":\"https:\\\/\\\/artisticawood.com\\\/\",\"name\":\"Artistica wood\",\"description\":\"Handmade wooden furniture\",\"publisher\":{\"@id\":\"https:\\\/\\\/artisticawood.com\\\/#organization\"},\"potentialAction\":[{\"@type\":\"SearchAction\",\"target\":{\"@type\":\"EntryPoint\",\"urlTemplate\":\"https:\\\/\\\/artisticawood.com\\\/?s={search_term_string}\"},\"query-input\":{\"@type\":\"PropertyValueSpecification\",\"valueRequired\":true,\"valueName\":\"search_term_string\"}}],\"inLanguage\":\"en-US\"},{\"@type\":\"Organization\",\"@id\":\"https:\\\/\\\/artisticawood.com\\\/#organization\",\"name\":\"Artistica wood\",\"url\":\"https:\\\/\\\/artisticawood.com\\\/\",\"logo\":{\"@type\":\"ImageObject\",\"inLanguage\":\"en-US\",\"@id\":\"https:\\\/\\\/artisticawood.com\\\/#\\\/schema\\\/logo\\\/image\\\/\",\"url\":\"https:\\\/\\\/artisticawood.com\\\/wp-content\\\/uploads\\\/2025\\\/02\\\/cropped-Logo-bez-pozadine.webp\",\"contentUrl\":\"https:\\\/\\\/artisticawood.com\\\/wp-content\\\/uploads\\\/2025\\\/02\\\/cropped-Logo-bez-pozadine.webp\",\"width\":1000,\"height\":694,\"caption\":\"Artistica wood\"},\"image\":{\"@id\":\"https:\\\/\\\/artisticawood.com\\\/#\\\/schema\\\/logo\\\/image\\\/\"}}]}<\/script>\n<!-- \/ Yoast SEO plugin. -->","yoast_head_json":{"title":"Epoxy stolovi - Artistica wood","description":"Izrada name\u0161taja i stolova od drveta i epoksi smole. Ru\u010dno ra\u0111eni stolovi od epoksi smole i drveta \"river table\" i \"ocean table\"","robots":{"index":"index","follow":"follow","max-snippet":"max-snippet:-1","max-image-preview":"max-image-preview:large","max-video-preview":"max-video-preview:-1"},"canonical":"https:\/\/artisticawood.com\/en\/o-nama\/","og_locale":"en_US","og_type":"article","og_title":"Epoxy stolovi - Artistica wood","og_description":"Izrada name\u0161taja i stolova od drveta i epoksi smole. Ru\u010dno ra\u0111eni stolovi od epoksi smole i drveta \"river table\" i \"ocean table\"","og_url":"https:\/\/artisticawood.com\/en\/o-nama\/","og_site_name":"Artistica wood","article_modified_time":"2025-04-14T19:15:15+00:00","og_image":[{"url":"https:\/\/artisticawood.com\/wp-content\/uploads\/2025\/02\/5010.jpg","type":"","width":"","height":""}],"twitter_card":"summary_large_image","twitter_misc":{"Est. reading time":"1 minute"},"schema":{"@context":"https:\/\/schema.org","@graph":[{"@type":"WebPage","@id":"https:\/\/artisticawood.com\/o-nama\/","url":"https:\/\/artisticawood.com\/o-nama\/","name":"Epoxy stolovi - Artistica wood","isPartOf":{"@id":"https:\/\/artisticawood.com\/#website"},"primaryImageOfPage":{"@id":"https:\/\/artisticawood.com\/o-nama\/#primaryimage"},"image":{"@id":"https:\/\/artisticawood.com\/o-nama\/#primaryimage"},"thumbnailUrl":"https:\/\/artisticawood.com\/wp-content\/uploads\/2025\/02\/5010.jpg","datePublished":"2025-01-30T13:22:10+00:00","dateModified":"2025-04-14T19:15:15+00:00","description":"Izrada name\u0161taja i stolova od drveta i epoksi smole. Ru\u010dno ra\u0111eni stolovi od epoksi smole i drveta \"river table\" i \"ocean table\"","breadcrumb":{"@id":"https:\/\/artisticawood.com\/o-nama\/#breadcrumb"},"inLanguage":"en-US","potentialAction":[{"@type":"ReadAction","target":["https:\/\/artisticawood.com\/o-nama\/"]}]},{"@type":"ImageObject","inLanguage":"en-US","@id":"https:\/\/artisticawood.com\/o-nama\/#primaryimage","url":"https:\/\/artisticawood.com\/wp-content\/uploads\/2025\/02\/5010.jpg","contentUrl":"https:\/\/artisticawood.com\/wp-content\/uploads\/2025\/02\/5010.jpg"},{"@type":"BreadcrumbList","@id":"https:\/\/artisticawood.com\/o-nama\/#breadcrumb","itemListElement":[{"@type":"ListItem","position":1,"name":"Home","item":"https:\/\/artisticawood.com\/"},{"@type":"ListItem","position":2,"name":"O nama"}]},{"@type":"WebSite","@id":"https:\/\/artisticawood.com\/#website","url":"https:\/\/artisticawood.com\/","name":"Artistica wood","description":"Handmade wooden furniture","publisher":{"@id":"https:\/\/artisticawood.com\/#organization"},"potentialAction":[{"@type":"SearchAction","target":{"@type":"EntryPoint","urlTemplate":"https:\/\/artisticawood.com\/?s={search_term_string}"},"query-input":{"@type":"PropertyValueSpecification","valueRequired":true,"valueName":"search_term_string"}}],"inLanguage":"en-US"},{"@type":"Organization","@id":"https:\/\/artisticawood.com\/#organization","name":"Artistica wood","url":"https:\/\/artisticawood.com\/","logo":{"@type":"ImageObject","inLanguage":"en-US","@id":"https:\/\/artisticawood.com\/#\/schema\/logo\/image\/","url":"https:\/\/artisticawood.com\/wp-content\/uploads\/2025\/02\/cropped-Logo-bez-pozadine.webp","contentUrl":"https:\/\/artisticawood.com\/wp-content\/uploads\/2025\/02\/cropped-Logo-bez-pozadine.webp","width":1000,"height":694,"caption":"Artistica wood"},"image":{"@id":"https:\/\/artisticawood.com\/#\/schema\/logo\/image\/"}}]}},"_links":{"self":[{"href":"https:\/\/artisticawood.com\/en\/wp-json\/wp\/v2\/pages\/146","targetHints":{"allow":["GET"]}}],"collection":[{"href":"https:\/\/artisticawood.com\/en\/wp-json\/wp\/v2\/pages"}],"about":[{"href":"https:\/\/artisticawood.com\/en\/wp-json\/wp\/v2\/types\/page"}],"author":[{"embeddable":true,"href":"https:\/\/artisticawood.com\/en\/wp-json\/wp\/v2\/users\/1"}],"replies":[{"embeddable":true,"href":"https:\/\/artisticawood.com\/en\/wp-json\/wp\/v2\/comments?post=146"}],"version-history":[{"count":60,"href":"https:\/\/artisticawood.com\/en\/wp-json\/wp\/v2\/pages\/146\/revisions"}],"predecessor-version":[{"id":1410,"href":"https:\/\/artisticawood.com\/en\/wp-json\/wp\/v2\/pages\/146\/revisions\/1410"}],"wp:attachment":[{"href":"https:\/\/artisticawood.com\/en\/wp-json\/wp\/v2\/media?parent=146"}],"curies":[{"name":"wp","href":"https:\/\/api.w.org\/{rel}","templated":true}]}}