{"id":150,"date":"2025-01-30T14:22:11","date_gmt":"2025-01-30T13:22:11","guid":{"rendered":"https:\/\/artisticawood.com\/contact\/"},"modified":"2025-04-14T00:02:34","modified_gmt":"2025-04-13T22:02:34","slug":"kontakt","status":"publish","type":"page","link":"https:\/\/artisticawood.com\/en\/kontakt\/","title":{"rendered":"Contact"},"content":{"rendered":"\t\t<div data-elementor-type=\"wp-page\" data-elementor-id=\"150\" class=\"elementor elementor-150\">\n\t\t\t\t<div class=\"elementor-element elementor-element-b1b84b6 e-flex e-con-boxed e-con e-parent\" data-id=\"b1b84b6\" data-element_type=\"container\" data-e-type=\"container\" data-settings=\"{&quot;background_background&quot;:&quot;classic&quot;}\">\n\t\t\t\t\t<div class=\"e-con-inner\">\n\t\t\t\t\t<\/div>\n\t\t\t\t<\/div>\n\t\t<div class=\"elementor-element elementor-element-560fec1 e-flex e-con-boxed e-con e-parent\" data-id=\"560fec1\" data-element_type=\"container\" data-e-type=\"container\" data-settings=\"{&quot;background_background&quot;:&quot;classic&quot;}\">\n\t\t\t\t\t<div class=\"e-con-inner\">\n\t\t<div class=\"elementor-element elementor-element-950bf47 e-con-full e-flex e-con e-child\" data-id=\"950bf47\" data-element_type=\"container\" data-e-type=\"container\">\n\t\t\t\t<div class=\"elementor-element elementor-element-c534dfe elementor-widget elementor-widget-wpforms\" data-id=\"c534dfe\" data-element_type=\"widget\" data-e-type=\"widget\" data-widget_type=\"wpforms.default\">\n\t\t\t\t<div class=\"elementor-widget-container\">\n\t\t\t\t\t<div class=\"wpforms-container \" id=\"wpforms-8\"><form id=\"wpforms-form-8\" class=\"wpforms-validate wpforms-form\" data-formid=\"8\" method=\"post\" enctype=\"multipart\/form-data\" action=\"\/en\/wp-json\/wp\/v2\/pages\/150\" data-token=\"f7a8013e73d9c8923c9f4afaee80c479\" data-token-time=\"1777604797\"><noscript class=\"wpforms-error-noscript\">Please enable JavaScript in your browser to complete this form.<\/noscript><div class=\"wpforms-field-container\"><div id=\"wpforms-8-field_0-container\" class=\"wpforms-field wpforms-field-name\" data-field-id=\"0\"><label class=\"wpforms-field-label\" for=\"wpforms-8-field_0\">Ime <span class=\"wpforms-required-label\">*<\/span><\/label><input type=\"text\" id=\"wpforms-8-field_0\" class=\"wpforms-field-large wpforms-field-required\" name=\"wpforms[fields][0]\" required><\/div><div id=\"wpforms-8-field_1-container\" class=\"wpforms-field wpforms-field-email\" data-field-id=\"1\"><label class=\"wpforms-field-label\" for=\"wpforms-8-field_1\">Email <span class=\"wpforms-required-label\">*<\/span><\/label><input type=\"email\" id=\"wpforms-8-field_1\" class=\"wpforms-field-large wpforms-field-required\" name=\"wpforms[fields][1]\" spellcheck=\"false\" required><\/div><div id=\"wpforms-8-field_2-container\" class=\"wpforms-field wpforms-field-textarea\" data-field-id=\"2\"><label class=\"wpforms-field-label\" for=\"wpforms-8-field_2\">Poruka <span class=\"wpforms-required-label\">*<\/span><\/label><textarea id=\"wpforms-8-field_2\" class=\"wpforms-field-medium wpforms-field-required\" name=\"wpforms[fields][2]\" required><\/textarea><\/div><\/div><!-- .wpforms-field-container --><div class=\"wpforms-submit-container\" ><input type=\"hidden\" name=\"wpforms[id]\" value=\"8\"><input type=\"hidden\" name=\"page_title\" value=\"\"><input type=\"hidden\" name=\"page_url\" value=\"https:\/\/artisticawood.com\/en\/wp-json\/wp\/v2\/pages\/150\"><input type=\"hidden\" name=\"url_referer\" value=\"\"><button type=\"submit\" name=\"wpforms[submit]\" id=\"wpforms-submit-8\" class=\"wpforms-submit\" data-alt-text=\"Sending...\" data-submit-text=\"Po\u0161alji\" aria-live=\"assertive\" value=\"wpforms-submit\">Po\u0161alji<\/button><\/div><\/form><\/div>  <!-- .wpforms-container -->\t\t\t\t<\/div>\n\t\t\t\t<\/div>\n\t\t\t\t<\/div>\n\t\t<div class=\"elementor-element elementor-element-030d098 e-con-full e-flex e-con e-child\" data-id=\"030d098\" data-element_type=\"container\" data-e-type=\"container\">\n\t\t\t\t<div class=\"elementor-element elementor-element-129ca32 elementor-widget elementor-widget-google_maps\" data-id=\"129ca32\" data-element_type=\"widget\" data-e-type=\"widget\" data-widget_type=\"google_maps.default\">\n\t\t\t\t<div class=\"elementor-widget-container\">\n\t\t\t\t\t\t\t<div class=\"elementor-custom-embed\">\n\t\t\t<iframe loading=\"lazy\"\n\t\t\t\t\tsrc=\"https:\/\/maps.google.com\/maps?q=svetosavska%207%20cajetina&#038;t=m&#038;z=10&#038;output=embed&#038;iwloc=near\"\n\t\t\t\t\ttitle=\"svetosavska 7 cajetina\"\n\t\t\t\t\taria-label=\"svetosavska 7 cajetina\"\n\t\t\t><\/iframe>\n\t\t<\/div>\n\t\t\t\t\t\t<\/div>\n\t\t\t\t<\/div>\n\t\t\t\t<\/div>\n\t\t\t\t\t<\/div>\n\t\t\t\t<\/div>\n\t\t\t\t<\/div>\n\t\t","protected":false},"excerpt":{"rendered":"<p>Please enable JavaScript in your browser to complete this form.Ime *Email *Poruka * Po\u0161alji<\/p>","protected":false},"author":1,"featured_media":0,"parent":0,"menu_order":0,"comment_status":"closed","ping_status":"closed","template":"","meta":{"site-sidebar-layout":"no-sidebar","site-content-layout":"page-builder","ast-site-content-layout":"full-width-container","site-content-style":"unboxed","site-sidebar-style":"unboxed","ast-global-header-display":"","ast-banner-title-visibility":"","ast-main-header-display":"","ast-hfb-above-header-display":"","ast-hfb-below-header-display":"","ast-hfb-mobile-header-display":"","site-post-title":"disabled","ast-breadcrumbs-content":"","ast-featured-img":"disabled","footer-sml-layout":"","ast-disable-related-posts":"","theme-transparent-header-meta":"enabled","adv-header-id-meta":"","stick-header-meta":"","header-above-stick-meta":"","header-main-stick-meta":"","header-below-stick-meta":"","astra-migrate-meta-layouts":"set","ast-page-background-enabled":"default","ast-page-background-meta":{"desktop":{"background-color":"","background-image":"","background-repeat":"repeat","background-position":"center center","background-size":"auto","background-attachment":"scroll","background-type":"","background-media":"","overlay-type":"","overlay-color":"","overlay-opacity":"","overlay-gradient":""},"tablet":{"background-color":"","background-image":"","background-repeat":"repeat","background-position":"center center","background-size":"auto","background-attachment":"scroll","background-type":"","background-media":"","overlay-type":"","overlay-color":"","overlay-opacity":"","overlay-gradient":""},"mobile":{"background-color":"","background-image":"","background-repeat":"repeat","background-position":"center center","background-size":"auto","background-attachment":"scroll","background-type":"","background-media":"","overlay-type":"","overlay-color":"","overlay-opacity":"","overlay-gradient":""}},"ast-content-background-meta":{"desktop":{"background-color":"var(--ast-global-color-5)","background-image":"","background-repeat":"repeat","background-position":"center center","background-size":"auto","background-attachment":"scroll","background-type":"","background-media":"","overlay-type":"","overlay-color":"","overlay-opacity":"","overlay-gradient":""},"tablet":{"background-color":"var(--ast-global-color-5)","background-image":"","background-repeat":"repeat","background-position":"center center","background-size":"auto","background-attachment":"scroll","background-type":"","background-media":"","overlay-type":"","overlay-color":"","overlay-opacity":"","overlay-gradient":""},"mobile":{"background-color":"var(--ast-global-color-5)","background-image":"","background-repeat":"repeat","background-position":"center center","background-size":"auto","background-attachment":"scroll","background-type":"","background-media":"","overlay-type":"","overlay-color":"","overlay-opacity":"","overlay-gradient":""}},"footnotes":""},"class_list":["post-150","page","type-page","status-publish","hentry"],"yoast_head":"<!-- This site is optimized with the Yoast SEO plugin v27.5 - https:\/\/yoast.com\/product\/yoast-seo-wordpress\/ -->\n<title>stolovi od epoxy smole Artistica wood<\/title>\n<meta name=\"description\" content=\"Izrada name\u0161taja i stolova od drveta i epoksi smole. Ru\u010dno ra\u0111eni stolovi od epoksi smole i drveta &quot;river table&quot; i &quot;ocean table&quot;\" \/>\n<meta name=\"robots\" content=\"index, follow, max-snippet:-1, max-image-preview:large, max-video-preview:-1\" \/>\n<link rel=\"canonical\" href=\"https:\/\/artisticawood.com\/en\/kontakt\/\" \/>\n<meta property=\"og:locale\" content=\"en_US\" \/>\n<meta property=\"og:type\" content=\"article\" \/>\n<meta property=\"og:title\" content=\"stolovi od epoxy smole Artistica wood\" \/>\n<meta property=\"og:description\" content=\"Izrada name\u0161taja i stolova od drveta i epoksi smole. Ru\u010dno ra\u0111eni stolovi od epoksi smole i drveta &quot;river table&quot; i &quot;ocean table&quot;\" \/>\n<meta property=\"og:url\" content=\"https:\/\/artisticawood.com\/en\/kontakt\/\" \/>\n<meta property=\"og:site_name\" content=\"Artistica wood\" \/>\n<meta property=\"article:modified_time\" content=\"2025-04-13T22:02:34+00:00\" \/>\n<meta property=\"og:image\" content=\"https:\/\/artisticawood.com\/wp-content\/uploads\/2025\/01\/cropped-Artistica-mala-za-logo-na-webhostingu-1.webp\" \/>\n\t<meta property=\"og:image:width\" content=\"512\" \/>\n\t<meta property=\"og:image:height\" content=\"512\" \/>\n\t<meta property=\"og:image:type\" content=\"image\/webp\" \/>\n<meta name=\"twitter:card\" content=\"summary_large_image\" \/>\n<meta name=\"twitter:label1\" content=\"Est. reading time\" \/>\n\t<meta name=\"twitter:data1\" content=\"1 minute\" \/>\n<script type=\"application\/ld+json\" class=\"yoast-schema-graph\">{\"@context\":\"https:\\\/\\\/schema.org\",\"@graph\":[{\"@type\":\"WebPage\",\"@id\":\"https:\\\/\\\/artisticawood.com\\\/kontakt\\\/\",\"url\":\"https:\\\/\\\/artisticawood.com\\\/kontakt\\\/\",\"name\":\"stolovi od epoxy smole Artistica wood\",\"isPartOf\":{\"@id\":\"https:\\\/\\\/artisticawood.com\\\/#website\"},\"datePublished\":\"2025-01-30T13:22:11+00:00\",\"dateModified\":\"2025-04-13T22:02:34+00:00\",\"description\":\"Izrada name\u0161taja i stolova od drveta i epoksi smole. Ru\u010dno ra\u0111eni stolovi od epoksi smole i drveta \\\"river table\\\" i \\\"ocean table\\\"\",\"breadcrumb\":{\"@id\":\"https:\\\/\\\/artisticawood.com\\\/kontakt\\\/#breadcrumb\"},\"inLanguage\":\"en-US\",\"potentialAction\":[{\"@type\":\"ReadAction\",\"target\":[\"https:\\\/\\\/artisticawood.com\\\/kontakt\\\/\"]}]},{\"@type\":\"BreadcrumbList\",\"@id\":\"https:\\\/\\\/artisticawood.com\\\/kontakt\\\/#breadcrumb\",\"itemListElement\":[{\"@type\":\"ListItem\",\"position\":1,\"name\":\"Home\",\"item\":\"https:\\\/\\\/artisticawood.com\\\/\"},{\"@type\":\"ListItem\",\"position\":2,\"name\":\"Kontakt\"}]},{\"@type\":\"WebSite\",\"@id\":\"https:\\\/\\\/artisticawood.com\\\/#website\",\"url\":\"https:\\\/\\\/artisticawood.com\\\/\",\"name\":\"Artistica wood\",\"description\":\"Handmade wooden furniture\",\"publisher\":{\"@id\":\"https:\\\/\\\/artisticawood.com\\\/#organization\"},\"potentialAction\":[{\"@type\":\"SearchAction\",\"target\":{\"@type\":\"EntryPoint\",\"urlTemplate\":\"https:\\\/\\\/artisticawood.com\\\/?s={search_term_string}\"},\"query-input\":{\"@type\":\"PropertyValueSpecification\",\"valueRequired\":true,\"valueName\":\"search_term_string\"}}],\"inLanguage\":\"en-US\"},{\"@type\":\"Organization\",\"@id\":\"https:\\\/\\\/artisticawood.com\\\/#organization\",\"name\":\"Artistica wood\",\"url\":\"https:\\\/\\\/artisticawood.com\\\/\",\"logo\":{\"@type\":\"ImageObject\",\"inLanguage\":\"en-US\",\"@id\":\"https:\\\/\\\/artisticawood.com\\\/#\\\/schema\\\/logo\\\/image\\\/\",\"url\":\"https:\\\/\\\/artisticawood.com\\\/wp-content\\\/uploads\\\/2025\\\/02\\\/cropped-Logo-bez-pozadine.webp\",\"contentUrl\":\"https:\\\/\\\/artisticawood.com\\\/wp-content\\\/uploads\\\/2025\\\/02\\\/cropped-Logo-bez-pozadine.webp\",\"width\":1000,\"height\":694,\"caption\":\"Artistica wood\"},\"image\":{\"@id\":\"https:\\\/\\\/artisticawood.com\\\/#\\\/schema\\\/logo\\\/image\\\/\"}}]}<\/script>\n<!-- \/ Yoast SEO plugin. -->","yoast_head_json":{"title":"stolovi od epoxy smole Artistica wood","description":"Izrada name\u0161taja i stolova od drveta i epoksi smole. Ru\u010dno ra\u0111eni stolovi od epoksi smole i drveta \"river table\" i \"ocean table\"","robots":{"index":"index","follow":"follow","max-snippet":"max-snippet:-1","max-image-preview":"max-image-preview:large","max-video-preview":"max-video-preview:-1"},"canonical":"https:\/\/artisticawood.com\/en\/kontakt\/","og_locale":"en_US","og_type":"article","og_title":"stolovi od epoxy smole Artistica wood","og_description":"Izrada name\u0161taja i stolova od drveta i epoksi smole. Ru\u010dno ra\u0111eni stolovi od epoksi smole i drveta \"river table\" i \"ocean table\"","og_url":"https:\/\/artisticawood.com\/en\/kontakt\/","og_site_name":"Artistica wood","article_modified_time":"2025-04-13T22:02:34+00:00","og_image":[{"width":512,"height":512,"url":"https:\/\/artisticawood.com\/wp-content\/uploads\/2025\/01\/cropped-Artistica-mala-za-logo-na-webhostingu-1.webp","type":"image\/webp"}],"twitter_card":"summary_large_image","twitter_misc":{"Est. reading time":"1 minute"},"schema":{"@context":"https:\/\/schema.org","@graph":[{"@type":"WebPage","@id":"https:\/\/artisticawood.com\/kontakt\/","url":"https:\/\/artisticawood.com\/kontakt\/","name":"stolovi od epoxy smole Artistica wood","isPartOf":{"@id":"https:\/\/artisticawood.com\/#website"},"datePublished":"2025-01-30T13:22:11+00:00","dateModified":"2025-04-13T22:02:34+00:00","description":"Izrada name\u0161taja i stolova od drveta i epoksi smole. Ru\u010dno ra\u0111eni stolovi od epoksi smole i drveta \"river table\" i \"ocean table\"","breadcrumb":{"@id":"https:\/\/artisticawood.com\/kontakt\/#breadcrumb"},"inLanguage":"en-US","potentialAction":[{"@type":"ReadAction","target":["https:\/\/artisticawood.com\/kontakt\/"]}]},{"@type":"BreadcrumbList","@id":"https:\/\/artisticawood.com\/kontakt\/#breadcrumb","itemListElement":[{"@type":"ListItem","position":1,"name":"Home","item":"https:\/\/artisticawood.com\/"},{"@type":"ListItem","position":2,"name":"Kontakt"}]},{"@type":"WebSite","@id":"https:\/\/artisticawood.com\/#website","url":"https:\/\/artisticawood.com\/","name":"Artistica wood","description":"Handmade wooden furniture","publisher":{"@id":"https:\/\/artisticawood.com\/#organization"},"potentialAction":[{"@type":"SearchAction","target":{"@type":"EntryPoint","urlTemplate":"https:\/\/artisticawood.com\/?s={search_term_string}"},"query-input":{"@type":"PropertyValueSpecification","valueRequired":true,"valueName":"search_term_string"}}],"inLanguage":"en-US"},{"@type":"Organization","@id":"https:\/\/artisticawood.com\/#organization","name":"Artistica wood","url":"https:\/\/artisticawood.com\/","logo":{"@type":"ImageObject","inLanguage":"en-US","@id":"https:\/\/artisticawood.com\/#\/schema\/logo\/image\/","url":"https:\/\/artisticawood.com\/wp-content\/uploads\/2025\/02\/cropped-Logo-bez-pozadine.webp","contentUrl":"https:\/\/artisticawood.com\/wp-content\/uploads\/2025\/02\/cropped-Logo-bez-pozadine.webp","width":1000,"height":694,"caption":"Artistica wood"},"image":{"@id":"https:\/\/artisticawood.com\/#\/schema\/logo\/image\/"}}]}},"_links":{"self":[{"href":"https:\/\/artisticawood.com\/en\/wp-json\/wp\/v2\/pages\/150","targetHints":{"allow":["GET"]}}],"collection":[{"href":"https:\/\/artisticawood.com\/en\/wp-json\/wp\/v2\/pages"}],"about":[{"href":"https:\/\/artisticawood.com\/en\/wp-json\/wp\/v2\/types\/page"}],"author":[{"embeddable":true,"href":"https:\/\/artisticawood.com\/en\/wp-json\/wp\/v2\/users\/1"}],"replies":[{"embeddable":true,"href":"https:\/\/artisticawood.com\/en\/wp-json\/wp\/v2\/comments?post=150"}],"version-history":[{"count":34,"href":"https:\/\/artisticawood.com\/en\/wp-json\/wp\/v2\/pages\/150\/revisions"}],"predecessor-version":[{"id":1315,"href":"https:\/\/artisticawood.com\/en\/wp-json\/wp\/v2\/pages\/150\/revisions\/1315"}],"wp:attachment":[{"href":"https:\/\/artisticawood.com\/en\/wp-json\/wp\/v2\/media?parent=150"}],"curies":[{"name":"wp","href":"https:\/\/api.w.org\/{rel}","templated":true}]}}